{"id":3035,"date":"2026-01-29T09:16:04","date_gmt":"2026-01-29T09:16:04","guid":{"rendered":"https:\/\/www.chess.lumn.eu\/wordpress\/?page_id=3035"},"modified":"2026-01-29T09:16:05","modified_gmt":"2026-01-29T09:16:05","slug":"lesprit-du-site","status":"publish","type":"page","link":"https:\/\/www.chess.lumn.eu\/wordpress\/lesprit-du-site\/","title":{"rendered":"L&#8217;esprit du site"},"content":{"rendered":"<div id=\"flags\" class=\"size24\"><ul id=\"sortable\" class=\"ui-sortable\" style=\"float:left\"><li id='Arabic'><a href='#' title='Arabic' class='nturl notranslate ar flag Arabic'><\/a><\/li><li id='Bengali'><a href='#' title='Bengali' class='nturl notranslate bn flag Bengali'><\/a><\/li><li id='Chinese (Traditional)'><a href='#' title='Chinese (Traditional)' class='nturl notranslate zh-TW flag Chinese (Traditional)'><\/a><\/li><li id='English'><a href='#' title='English' class='nturl notranslate en flag English'><\/a><\/li><li id='French'><a href='#' title='French' class='nturl notranslate fr flag French'><\/a><\/li><li id='German'><a href='#' title='German' class='nturl notranslate de flag German'><\/a><\/li><li id='Hindi'><a href='#' title='Hindi' class='nturl notranslate hi flag Hindi'><\/a><\/li><li id='Italian'><a href='#' title='Italian' class='nturl notranslate it flag Italian'><\/a><\/li><li id='Portuguese'><a href='#' title='Portuguese' class='nturl notranslate pt flag Portuguese'><\/a><\/li><li id='Russian'><a href='#' title='Russian' class='nturl notranslate ru flag Russian'><\/a><\/li><li id='Spanish'><a href='#' title='Spanish' class='nturl notranslate es flag Spanish'><\/a><\/li><li id='Turkish'><a href='#' title='Turkish' class='nturl notranslate tr flag Turkish'><\/a><\/li><li id='Vietnamese'><a href='#' title='Vietnamese' class='nturl notranslate vi flag Vietnamese'><\/a><\/li><\/ul><\/div><div id=\"google_language_translator\" class=\"default-language-fr\"><\/div>\n\n\n<p><strong>L\u2019Homme qui parlait aux Bois de Silicium<\/strong><\/p>\n<p><br \/>Il \u00e9tait une fois, dans un pays o\u00f9 les montagnes murmuraient des variantes de d\u00e9fense sicilienne, un jeune homme qui apprit que la d\u00e9faite \u00e9tait la plus patiente des enseignantes. Dans ce royaume d&#8217;ex-Yougoslavie, on ne jouait pas seulement aux \u00e9checs : on y vivait.<br \/>Un jour, un modeste fermier d\u00e9fia le voyageur. Sur le bois us\u00e9, la bataille fut f\u00e9roce. Ce jour-l\u00e0, l&#8217;homme comprit que l&#8217;\u00e2me du jeu ne r\u00e9sidait pas dans les titres, mais dans l&#8217;intensit\u00e9 du combat. Puis vinrent les ann\u00e9es de fer et d&#8217;\u00e9lectricit\u00e9. Tandis que le monde d\u00e9couvrait le Minitel et les duels de g\u00e9ants entre Karpov et Kasparov, une nouvelle esp\u00e8ce de rivaux naissait : les machines.<br \/>Elles ne respiraient pas, mais elles r\u00e9fl\u00e9chissaient. Elles s&#8217;appelaient Turbo 16K ou Par Excellence. Elles \u00e9taient des compagnons de bois et de diodes, capables de d\u00e9fier l&#8217;esprit humain sans jamais s&#8217;en lasser. Apr\u00e8s un long d\u00e9tour par les bousculades de la vie, le voyageur revint \u00e0 ses premi\u00e8res amours. Il ne cherchait plus les monstres de puissance qui calculent des milliards de n\u0153uds \u00e0 la seconde, mais ces vieux sages de r\u00e9sine et de plastique qui ont l&#8217;\u00e9l\u00e9gance de nous laisser une chance de gagner.<br \/>Ce site est le sanctuaire de ces machines mythiques, t\u00e9moins d&#8217;un \u00e2ge d&#8217;or o\u00f9 le silicium avait encore un parfum de myst\u00e8re.<br \/>Bienvenue dans l&#8217;ar\u00e8ne du pass\u00e9.<\/p>","protected":false},"excerpt":{"rendered":"<p>L\u2019Homme qui parlait aux Bois de Silicium Il \u00e9tait une fois, dans un pays o\u00f9 les montagnes murmuraient des variantes de d\u00e9fense sicilienne, un jeune homme qui apprit que la d\u00e9faite \u00e9tait la plus patiente des enseignantes. Dans ce royaume d&#8217;ex-Yougoslavie, on ne jouait pas seulement aux \u00e9checs : on y vivait.Un jour, un modeste&hellip;&nbsp;<a href=\"https:\/\/www.chess.lumn.eu\/wordpress\/lesprit-du-site\/\" class=\"\" rel=\"bookmark\">Read More &raquo;<span class=\"screen-reader-text\">L&#8217;esprit du site<\/span><\/a><\/p>\n","protected":false},"author":1,"featured_media":13,"parent":0,"menu_order":0,"comment_status":"closed","ping_status":"closed","template":"","meta":{"neve_meta_sidebar":"","neve_meta_container":"","neve_meta_enable_content_width":"","neve_meta_content_width":0,"neve_meta_title_alignment":"","neve_meta_author_avatar":"","neve_post_elements_order":"","neve_meta_disable_header":"","neve_meta_disable_footer":"","neve_meta_disable_title":""},"categories":[1],"tags":[],"rttpg_featured_image_url":{"full":["https:\/\/www.chess.lumn.eu\/wordpress\/wp-content\/uploads\/2018\/01\/DSC00669-copy.jpg",1920,745,false],"landscape":["https:\/\/www.chess.lumn.eu\/wordpress\/wp-content\/uploads\/2018\/01\/DSC00669-copy.jpg",1920,745,false],"portraits":["https:\/\/www.chess.lumn.eu\/wordpress\/wp-content\/uploads\/2018\/01\/DSC00669-copy.jpg",1920,745,false],"thumbnail":["https:\/\/www.chess.lumn.eu\/wordpress\/wp-content\/uploads\/2018\/01\/DSC00669-copy-150x150.jpg",150,150,true],"medium":["https:\/\/www.chess.lumn.eu\/wordpress\/wp-content\/uploads\/2018\/01\/DSC00669-copy-300x116.jpg",300,116,true],"large":["https:\/\/www.chess.lumn.eu\/wordpress\/wp-content\/uploads\/2018\/01\/DSC00669-copy-1024x397.jpg",1024,397,true],"1536x1536":["https:\/\/www.chess.lumn.eu\/wordpress\/wp-content\/uploads\/2018\/01\/DSC00669-copy.jpg",1536,596,false],"2048x2048":["https:\/\/www.chess.lumn.eu\/wordpress\/wp-content\/uploads\/2018\/01\/DSC00669-copy.jpg",1920,745,false],"neve-blog":["https:\/\/www.chess.lumn.eu\/wordpress\/wp-content\/uploads\/2018\/01\/DSC00669-copy.jpg",930,361,false]},"rttpg_author":{"display_name":"valterd","author_link":"https:\/\/www.chess.lumn.eu\/wordpress\/author\/valterd\/"},"rttpg_comment":0,"rttpg_category":" <a href=\"https:\/\/www.chess.lumn.eu\/wordpress\/category\/uncategorized\/\" rel=\"tag\">Uncategorized<\/a>","rttpg_excerpt":"L\u2019Homme qui parlait aux Bois de Silicium Il \u00e9tait une fois, dans un pays o\u00f9 les montagnes murmuraient des variantes de d\u00e9fense sicilienne, un jeune homme qui apprit que la d\u00e9faite \u00e9tait la plus patiente des enseignantes. Dans ce royaume d&#8217;ex-Yougoslavie, on ne jouait pas seulement aux \u00e9checs : on y vivait.Un jour, un modeste&hellip;&nbsp;Read&hellip;","_links":{"self":[{"href":"https:\/\/www.chess.lumn.eu\/wordpress\/wp-json\/wp\/v2\/pages\/3035"}],"collection":[{"href":"https:\/\/www.chess.lumn.eu\/wordpress\/wp-json\/wp\/v2\/pages"}],"about":[{"href":"https:\/\/www.chess.lumn.eu\/wordpress\/wp-json\/wp\/v2\/types\/page"}],"author":[{"embeddable":true,"href":"https:\/\/www.chess.lumn.eu\/wordpress\/wp-json\/wp\/v2\/users\/1"}],"replies":[{"embeddable":true,"href":"https:\/\/www.chess.lumn.eu\/wordpress\/wp-json\/wp\/v2\/comments?post=3035"}],"version-history":[{"count":1,"href":"https:\/\/www.chess.lumn.eu\/wordpress\/wp-json\/wp\/v2\/pages\/3035\/revisions"}],"predecessor-version":[{"id":3036,"href":"https:\/\/www.chess.lumn.eu\/wordpress\/wp-json\/wp\/v2\/pages\/3035\/revisions\/3036"}],"wp:featuredmedia":[{"embeddable":true,"href":"https:\/\/www.chess.lumn.eu\/wordpress\/wp-json\/wp\/v2\/media\/13"}],"wp:attachment":[{"href":"https:\/\/www.chess.lumn.eu\/wordpress\/wp-json\/wp\/v2\/media?parent=3035"}],"wp:term":[{"taxonomy":"category","embeddable":true,"href":"https:\/\/www.chess.lumn.eu\/wordpress\/wp-json\/wp\/v2\/categories?post=3035"},{"taxonomy":"post_tag","embeddable":true,"href":"https:\/\/www.chess.lumn.eu\/wordpress\/wp-json\/wp\/v2\/tags?post=3035"}],"curies":[{"name":"wp","href":"https:\/\/api.w.org\/{rel}","templated":true}]}}