{"id":7,"date":"2018-01-17T09:13:41","date_gmt":"2018-01-17T09:13:41","guid":{"rendered":"http:\/\/www.chess.lumn.eu\/wordpress\/?page_id=7"},"modified":"2026-03-02T09:58:05","modified_gmt":"2026-03-02T09:58:05","slug":"home","status":"publish","type":"page","link":"https:\/\/www.chess.lumn.eu\/wordpress\/","title":{"rendered":"La diagonale intemporelle"},"content":{"rendered":"\t\t<div data-elementor-type=\"wp-page\" data-elementor-id=\"7\" class=\"elementor elementor-7\">\n\t\t\t\t\t\t<div class=\"elementor-inner\">\n\t\t\t\t<div class=\"elementor-section-wrap\">\n\t\t\t\t\t\t\t\t\t<section class=\"elementor-section elementor-top-section elementor-element elementor-element-4285ef2 elementor-section-stretched elementor-section-full_width elementor-section-content-top elementor-section-height-default elementor-section-height-default\" data-id=\"4285ef2\" data-element_type=\"section\" data-settings=\"{&quot;stretch_section&quot;:&quot;section-stretched&quot;}\">\n\t\t\t\t\t\t<div class=\"elementor-container elementor-column-gap-no\">\n\t\t\t\t\t\t\t<div class=\"elementor-row\">\n\t\t\t\t\t<div class=\"elementor-column elementor-col-100 elementor-top-column elementor-element elementor-element-cb52f5f\" data-id=\"cb52f5f\" data-element_type=\"column\">\n\t\t\t<div class=\"elementor-column-wrap elementor-element-populated\">\n\t\t\t\t\t\t\t<div class=\"elementor-widget-wrap\">\n\t\t\t\t\t\t<div class=\"elementor-element elementor-element-3535274 elementor-widget elementor-widget-shortcode\" data-id=\"3535274\" data-element_type=\"widget\" data-widget_type=\"shortcode.default\">\n\t\t\t\t<div class=\"elementor-widget-container\">\n\t\t\t\t\t<div class=\"elementor-shortcode\"><div id=\"flags\" class=\"size24\"><ul id=\"sortable\" class=\"ui-sortable\" style=\"float:left\"><li id='Arabic'><a href='#' title='Arabic' class='nturl notranslate ar flag Arabic'><\/a><\/li><li id='Bengali'><a href='#' title='Bengali' class='nturl notranslate bn flag Bengali'><\/a><\/li><li id='Chinese (Traditional)'><a href='#' title='Chinese (Traditional)' class='nturl notranslate zh-TW flag Chinese (Traditional)'><\/a><\/li><li id='English'><a href='#' title='English' class='nturl notranslate en flag English'><\/a><\/li><li id='French'><a href='#' title='French' class='nturl notranslate fr flag French'><\/a><\/li><li id='German'><a href='#' title='German' class='nturl notranslate de flag German'><\/a><\/li><li id='Hindi'><a href='#' title='Hindi' class='nturl notranslate hi flag Hindi'><\/a><\/li><li id='Italian'><a href='#' title='Italian' class='nturl notranslate it flag Italian'><\/a><\/li><li id='Portuguese'><a href='#' title='Portuguese' class='nturl notranslate pt flag Portuguese'><\/a><\/li><li id='Russian'><a href='#' title='Russian' class='nturl notranslate ru flag Russian'><\/a><\/li><li id='Spanish'><a href='#' title='Spanish' class='nturl notranslate es flag Spanish'><\/a><\/li><li id='Turkish'><a href='#' title='Turkish' class='nturl notranslate tr flag Turkish'><\/a><\/li><li id='Vietnamese'><a href='#' title='Vietnamese' class='nturl notranslate vi flag Vietnamese'><\/a><\/li><\/ul><\/div><div id=\"google_language_translator\" class=\"default-language-fr\"><\/div><\/div>\n\t\t\t\t<\/div>\n\t\t\t\t<\/div>\n\t\t\t\t<div class=\"elementor-element elementor-element-1840e1b elementor-widget elementor-widget-heading\" data-id=\"1840e1b\" data-element_type=\"widget\" data-widget_type=\"heading.default\">\n\t\t\t\t<div class=\"elementor-widget-container\">\n\t\t\t<h2 class=\"elementor-heading-title elementor-size-default\">La diagonale intemporelle<\/h2>\t\t<\/div>\n\t\t\t\t<\/div>\n\t\t\t\t\t\t<\/div>\n\t\t\t\t\t<\/div>\n\t\t<\/div>\n\t\t\t\t\t\t\t\t<\/div>\n\t\t\t\t\t<\/div>\n\t\t<\/section>\n\t\t\t\t<section class=\"elementor-section elementor-top-section elementor-element elementor-element-00edf82 elementor-section-full_width elementor-section-height-default elementor-section-height-default\" data-id=\"00edf82\" data-element_type=\"section\">\n\t\t\t\t\t\t<div class=\"elementor-container elementor-column-gap-default\">\n\t\t\t\t\t\t\t<div class=\"elementor-row\">\n\t\t\t\t\t<div class=\"elementor-column elementor-col-100 elementor-top-column elementor-element elementor-element-9b2fffa\" data-id=\"9b2fffa\" data-element_type=\"column\">\n\t\t\t<div class=\"elementor-column-wrap elementor-element-populated\">\n\t\t\t\t\t\t\t<div class=\"elementor-widget-wrap\">\n\t\t\t\t\t\t<div class=\"elementor-element elementor-element-3c8710b elementor-widget elementor-widget-image\" data-id=\"3c8710b\" data-element_type=\"widget\" data-widget_type=\"image.default\">\n\t\t\t\t<div class=\"elementor-widget-container\">\n\t\t\t\t\t\t\t\t<div class=\"elementor-image\">\n\t\t\t\t\t\t\t\t\t\t\t\t<img width=\"1920\" height=\"1080\" src=\"https:\/\/www.chess.lumn.eu\/wordpress\/wp-content\/uploads\/2026\/02\/34A2983.jpg\" class=\"attachment-full size-full wp-image-3394\" alt=\"\" loading=\"lazy\" srcset=\"https:\/\/www.chess.lumn.eu\/wordpress\/wp-content\/uploads\/2026\/02\/34A2983.jpg 1920w, https:\/\/www.chess.lumn.eu\/wordpress\/wp-content\/uploads\/2026\/02\/34A2983-300x169.jpg 300w, https:\/\/www.chess.lumn.eu\/wordpress\/wp-content\/uploads\/2026\/02\/34A2983-1024x576.jpg 1024w, https:\/\/www.chess.lumn.eu\/wordpress\/wp-content\/uploads\/2026\/02\/34A2983-768x432.jpg 768w, https:\/\/www.chess.lumn.eu\/wordpress\/wp-content\/uploads\/2026\/02\/34A2983-1536x864.jpg 1536w\" sizes=\"(max-width: 1920px) 100vw, 1920px\" \/>\t\t\t\t\t\t\t\t\t\t\t\t\t\t<\/div>\n\t\t\t\t\t\t<\/div>\n\t\t\t\t<\/div>\n\t\t\t\t\t\t<\/div>\n\t\t\t\t\t<\/div>\n\t\t<\/div>\n\t\t\t\t\t\t\t\t<\/div>\n\t\t\t\t\t<\/div>\n\t\t<\/section>\n\t\t\t\t<section class=\"elementor-section elementor-top-section elementor-element elementor-element-ba916c4 elementor-section-boxed elementor-section-height-default elementor-section-height-default\" data-id=\"ba916c4\" data-element_type=\"section\" data-settings=\"{&quot;background_background&quot;:&quot;classic&quot;}\">\n\t\t\t\t\t\t<div class=\"elementor-container elementor-column-gap-default\">\n\t\t\t\t\t\t\t<div class=\"elementor-row\">\n\t\t\t\t\t<div class=\"elementor-column elementor-col-100 elementor-top-column elementor-element elementor-element-0ec12e2\" data-id=\"0ec12e2\" data-element_type=\"column\">\n\t\t\t<div class=\"elementor-column-wrap elementor-element-populated\">\n\t\t\t\t\t\t\t<div class=\"elementor-widget-wrap\">\n\t\t\t\t\t\t<div class=\"elementor-element elementor-element-2d63d11 elementor-widget elementor-widget-text-editor\" data-id=\"2d63d11\" data-element_type=\"widget\" data-widget_type=\"text-editor.default\">\n\t\t\t\t<div class=\"elementor-widget-container\">\n\t\t\t\t\t\t\t\t<div class=\"elementor-text-editor elementor-clearfix\">\n\t\t\t\t<h3 data-path-to-node=\"2\">Shahmatic : <b data-path-to-node=\"3\" data-index-in-node=\"0\">L\u2019h\u00e9ritage perse, la puissance du silicium.<\/b><\/h3><p data-path-to-node=\"4\">\u00ab Bienvenue sur <b data-path-to-node=\"4\" data-index-in-node=\"30\">Shahmatic<\/b>. Si notre nom rend hommage au <i data-path-to-node=\"4\" data-index-in-node=\"70\">Shah<\/i> et aux racines persanes du jeu, ici, on parle le langage de la technologie. Confrontation totale. Je pousse ma collection dans ses derniers retranchements \u00e0 travers des tournois sans piti\u00e9 o\u00f9 machines d\u00e9di\u00e9es et moteurs logiciels s&#8217;affrontent. Au programme : analyses de hardware mythique, autopsies de codes l\u00e9gendaires, pr\u00e9sentations exclusives et tests de v\u00e9rit\u00e9. Entre performances historiques et \u00e9valuations r\u00e9elles, pr\u00e9parez-vous \u00e0 des surprises : le verdict du silicium est parfois cruel. <b data-path-to-node=\"7\" data-index-in-node=\"0\">Shahmatic : Le pass\u00e9 a trouv\u00e9 son ar\u00e8ne. Merci de votre visite.<\/b> \u00bb<\/p>\t\t\t\t\t<\/div>\n\t\t\t\t\t\t<\/div>\n\t\t\t\t<\/div>\n\t\t\t\t\t\t<\/div>\n\t\t\t\t\t<\/div>\n\t\t<\/div>\n\t\t\t\t\t\t\t\t<\/div>\n\t\t\t\t\t<\/div>\n\t\t<\/section>\n\t\t\t\t\t\t\t\t\t<\/div>\n\t\t\t<\/div>\n\t\t\t\t\t<\/div>\n\t\t","protected":false},"excerpt":{"rendered":"<p>La diagonale intemporelle Shahmatic : L\u2019h\u00e9ritage perse, la puissance du silicium. \u00ab Bienvenue sur Shahmatic. Si notre nom rend hommage au Shah et aux racines persanes du jeu, ici, on parle le langage de la technologie. Confrontation totale. Je pousse ma collection dans ses derniers retranchements \u00e0 travers des tournois sans piti\u00e9 o\u00f9 machines d\u00e9di\u00e9es&hellip;&nbsp;<a href=\"https:\/\/www.chess.lumn.eu\/wordpress\/\" class=\"\" rel=\"bookmark\">Read More &raquo;<span class=\"screen-reader-text\">La diagonale intemporelle<\/span><\/a><\/p>\n","protected":false},"author":1,"featured_media":0,"parent":0,"menu_order":0,"comment_status":"closed","ping_status":"closed","template":"","meta":{"neve_meta_sidebar":"","neve_meta_container":"contained","neve_meta_enable_content_width":"off","neve_meta_content_width":0,"neve_meta_title_alignment":"","neve_meta_author_avatar":"","neve_post_elements_order":"","neve_meta_disable_header":"","neve_meta_disable_footer":"","neve_meta_disable_title":"on"},"categories":[],"tags":[],"rttpg_featured_image_url":null,"rttpg_author":{"display_name":"valterd","author_link":"https:\/\/www.chess.lumn.eu\/wordpress\/author\/valterd\/"},"rttpg_comment":0,"rttpg_category":false,"rttpg_excerpt":"La diagonale intemporelle Shahmatic : L\u2019h\u00e9ritage perse, la puissance du silicium. \u00ab Bienvenue sur Shahmatic. Si notre nom rend hommage au Shah et aux racines persanes du jeu, ici, on parle le langage de la technologie. Confrontation totale. Je pousse ma collection dans ses derniers retranchements \u00e0 travers des tournois sans piti\u00e9 o\u00f9 machines d\u00e9di\u00e9es&hellip;&nbsp;Read&hellip;","_links":{"self":[{"href":"https:\/\/www.chess.lumn.eu\/wordpress\/wp-json\/wp\/v2\/pages\/7"}],"collection":[{"href":"https:\/\/www.chess.lumn.eu\/wordpress\/wp-json\/wp\/v2\/pages"}],"about":[{"href":"https:\/\/www.chess.lumn.eu\/wordpress\/wp-json\/wp\/v2\/types\/page"}],"author":[{"embeddable":true,"href":"https:\/\/www.chess.lumn.eu\/wordpress\/wp-json\/wp\/v2\/users\/1"}],"replies":[{"embeddable":true,"href":"https:\/\/www.chess.lumn.eu\/wordpress\/wp-json\/wp\/v2\/comments?post=7"}],"version-history":[{"count":62,"href":"https:\/\/www.chess.lumn.eu\/wordpress\/wp-json\/wp\/v2\/pages\/7\/revisions"}],"predecessor-version":[{"id":3407,"href":"https:\/\/www.chess.lumn.eu\/wordpress\/wp-json\/wp\/v2\/pages\/7\/revisions\/3407"}],"wp:attachment":[{"href":"https:\/\/www.chess.lumn.eu\/wordpress\/wp-json\/wp\/v2\/media?parent=7"}],"wp:term":[{"taxonomy":"category","embeddable":true,"href":"https:\/\/www.chess.lumn.eu\/wordpress\/wp-json\/wp\/v2\/categories?post=7"},{"taxonomy":"post_tag","embeddable":true,"href":"https:\/\/www.chess.lumn.eu\/wordpress\/wp-json\/wp\/v2\/tags?post=7"}],"curies":[{"name":"wp","href":"https:\/\/api.w.org\/{rel}","templated":true}]}}