{"id":8,"date":"2018-01-17T09:13:41","date_gmt":"2018-01-17T09:13:41","guid":{"rendered":"http:\/\/www.chess.lumn.eu\/wordpress\/?page_id=8"},"modified":"2021-06-07T18:46:00","modified_gmt":"2021-06-07T18:46:00","slug":"about","status":"publish","type":"page","link":"https:\/\/www.chess.lumn.eu\/wordpress\/about\/","title":{"rendered":"A propos"},"content":{"rendered":"<div id=\"flags\" class=\"size24\"><ul id=\"sortable\" class=\"ui-sortable\" style=\"float:left\"><li id='Arabic'><a href='#' title='Arabic' class='nturl notranslate ar flag Arabic'><\/a><\/li><li id='Bengali'><a href='#' title='Bengali' class='nturl notranslate bn flag Bengali'><\/a><\/li><li id='Chinese (Traditional)'><a href='#' title='Chinese (Traditional)' class='nturl notranslate zh-TW flag Chinese (Traditional)'><\/a><\/li><li id='English'><a href='#' title='English' class='nturl notranslate en flag English'><\/a><\/li><li id='French'><a href='#' title='French' class='nturl notranslate fr flag French'><\/a><\/li><li id='German'><a href='#' title='German' class='nturl notranslate de flag German'><\/a><\/li><li id='Hindi'><a href='#' title='Hindi' class='nturl notranslate hi flag Hindi'><\/a><\/li><li id='Italian'><a href='#' title='Italian' class='nturl notranslate it flag Italian'><\/a><\/li><li id='Portuguese'><a href='#' title='Portuguese' class='nturl notranslate pt flag Portuguese'><\/a><\/li><li id='Russian'><a href='#' title='Russian' class='nturl notranslate ru flag Russian'><\/a><\/li><li id='Spanish'><a href='#' title='Spanish' class='nturl notranslate es flag Spanish'><\/a><\/li><li id='Turkish'><a href='#' title='Turkish' class='nturl notranslate tr flag Turkish'><\/a><\/li><li id='Vietnamese'><a href='#' title='Vietnamese' class='nturl notranslate vi flag Vietnamese'><\/a><\/li><\/ul><\/div><div id=\"google_language_translator\" class=\"default-language-fr\"><\/div>\n\n\n<p>J&#8217;ai \u00e9t\u00e9 introduit aux \u00e9checs par mon p\u00e8re \u00e0 l&#8217;\u00e2ge de 11 ans. Nous sommes n\u00e9s en ex-Yougoslavie qui a \u00e9t\u00e9 le second pays au monde avec le plus de joueurs titr\u00e9s apr\u00e8s l&#8217;URSS. Donc beaucoup de personnes jouaient aux \u00e9checs et en jouaient tr\u00e8s bien. Je me souviens que adolescent, j&#8217;ai \u00e9t\u00e9 une fois dans un lieux pomm\u00e9, un village tr\u00e8s dispers\u00e9 o\u00f9 quelqu&#8217;un avait entendu dire que je me d\u00e9brouillais un peu aux \u00e9checs et cet homme, un modeste fermier, voulait jouer contre moi. La partie a \u00e9t\u00e9 tr\u00e8s anim\u00e9e sur l&#8217;\u00e9chiquier!<\/p>\n<p>Au d\u00e9but, mon p\u00e8re ne m&#8217;a appris que les r\u00e8gles de base et j&#8217;ai aval\u00e9 la pilule am\u00e8re de la d\u00e9faite pendant de longues ann\u00e9es, mais j&#8217;aimais beaucoup ce jeu.<\/p>\n<p>Au coll\u00e8ge, j&#8217;ai eu un professeur de sport passionn\u00e9 d&#8217;\u00e9checs qui connaissait des tas d&#8217;anecdotes au sujet du jeu et qui savait le rendre int\u00e9ressant et attractif. Il savait parler du g\u00e9nie de Paul Morphy et de la p\u00e9riode romantique du jeu, d\u00e9monstration \u00e0 l&#8217;appui. Rolland Reeb a fond\u00e9 le club d&#8217;\u00e9checs de Bischwiller dont il est toujours le pr\u00e9sident et m&#8217;a recrut\u00e9. J&#8217;ai donc fait de la comp\u00e9tition quelques ann\u00e9es et j&#8217;aimais bien la formule des matchs sur 4, 6 ou 8 \u00e9chiquiers o\u00f9 le but \u00e9tait la victoire en \u00e9quipe. Apr\u00e8s une ann\u00e9e de jeu mon niveau a atteint un modeste 1660 elo. Mon souvenir le plus cher a \u00e9t\u00e9 un tournoi de blitz international o\u00f9 j&#8217;ai \u00e9t\u00e9 au troisi\u00e8me \u00e9chiquier. J&#8217;ai commenc\u00e9 par perdre les trois premi\u00e8res parties mais j&#8217;ai gagn\u00e9 toutes les six suivantes, parfois in extremis \u00e0 l&#8217;horloge.<\/p>\n<p>Apr\u00e8s cette premi\u00e8re ann\u00e9e active, j&#8217;ai commenc\u00e9 mes \u00e9tudes et j&#8217;avais moins de temps \u00e0 consacrer \u00e0 la comp\u00e9tition, mais je me rappelle du championnat du monde de 1985 entre Karpov et Kasparov et le suspense intense de la derni\u00e8re partie. Kasparov devait gagner avec les noirs pour rester champion du monde. Nous suivions le duel en temps r\u00e9el gr\u00e2ce au Minitel et criions notre joie et enthousiasme de la performance de Kasparov. Quelle belle \u00e9poque!<\/p>\n<p>Mais personnellement j&#8217;avais moins de temps pour jouer. A cette m\u00eame \u00e9poque, je suivais avec int\u00e9r\u00eat la mont\u00e9e en puissance des ordinateurs d&#8217;\u00e9checs. C&#8217;est \u00e0 la fin des ann\u00e9es 80 et d\u00e9but des ann\u00e9es 90 qu&#8217;\u00e0 mon avis ont \u00e9t\u00e9 commercialis\u00e9es les machines les plus embl\u00e9matiques de cette saga et en plus des avanc\u00e9es en terme d&#8217;algorithmie et de hardware, les machines de cette p\u00e9riode ont un niveau que je pouvais d\u00e9fier. Ce qui est loin d&#8217;\u00eatre le cas ensuite, quand les programmes tournant sur des ordinateurs individuels ont fait leur apparition. Je suivais les performances de ces belles machines dans des magasines comme &#8220;Europe-Echecs&#8221;, &#8220;Jeux et Strat\u00e9gie&#8221; et plus tard &#8220;Computer Schach une Spiele&#8221; et &#8220;Selective Search&#8221;.\u00a0 Et ainsi j&#8217;ai eu envie de jouer aux \u00e9checs chez moi. Mon \u00e9pouse m&#8217;a achet\u00e9 le &#8220;SciSys Turbo 16K&#8221;, que je poss\u00e8de toujours, et plus tard, l&#8217;\u00e9chiquier dont je r\u00eavais, le &#8220;Fidelity Par Excellence&#8221; qui avait un niveau de joueur de club.<\/p>\n<p>J&#8217;ai eu beaucoup de plaisir \u00e0 jouer contre ces deux \u00e9chiquiers et \u00e0 les faire jouer l&#8217;un contre l&#8217;autre et je suivais le d\u00e9veloppement g\u00e9n\u00e9ral du niveau des machines d\u00e9di\u00e9es et des logiciels.<\/p>\n<p>Quinze ans plus tard, j&#8217;ai fait la plus grande b\u00eatise qui soit, j&#8217;ai brad\u00e9 mon ParEx pour quelques francs.<\/p>\n<p>Aujourd&#8217;hui, j&#8217;ai plus de moyens et ebay est l\u00e0 et me permets de toucher \u00e0 ces magnifiques \u00e9chiquiers auto-r\u00e9pondeurs en bois et autres machines mythiques des ann\u00e9es d&#8217;or des machines d\u00e9di\u00e9es aux \u00e9checs. Je ne suis pas int\u00e9ress\u00e9 par avoir les plus puissantes, mais celles que je peux jouer.<\/p>\n<p>Ce site leur est d\u00e9die. Bienvenue \u00e0 bord!<\/p>\n<p>Pour me contacter: lumn.eu@gmail.com<\/p>\n<p>Valter<\/p>","protected":false},"excerpt":{"rendered":"<p>J&#8217;ai \u00e9t\u00e9 introduit aux \u00e9checs par mon p\u00e8re \u00e0 l&#8217;\u00e2ge de 11 ans. Nous sommes n\u00e9s en ex-Yougoslavie qui a \u00e9t\u00e9 le second pays au monde avec le plus de joueurs titr\u00e9s apr\u00e8s l&#8217;URSS. Donc beaucoup de personnes jouaient aux \u00e9checs et en jouaient tr\u00e8s bien. Je me souviens que adolescent, j&#8217;ai \u00e9t\u00e9 une fois&hellip;&nbsp;<a href=\"https:\/\/www.chess.lumn.eu\/wordpress\/about\/\" class=\"\" rel=\"bookmark\">Read More &raquo;<span class=\"screen-reader-text\">A propos<\/span><\/a><\/p>\n","protected":false},"author":1,"featured_media":13,"parent":0,"menu_order":0,"comment_status":"closed","ping_status":"closed","template":"","meta":{"neve_meta_sidebar":"","neve_meta_container":"","neve_meta_enable_content_width":"","neve_meta_content_width":0,"neve_meta_title_alignment":"","neve_meta_author_avatar":"","neve_post_elements_order":"","neve_meta_disable_header":"","neve_meta_disable_footer":"","neve_meta_disable_title":""},"categories":[],"tags":[],"rttpg_featured_image_url":{"full":["https:\/\/www.chess.lumn.eu\/wordpress\/wp-content\/uploads\/2018\/01\/DSC00669-copy.jpg",1920,745,false],"landscape":["https:\/\/www.chess.lumn.eu\/wordpress\/wp-content\/uploads\/2018\/01\/DSC00669-copy.jpg",1920,745,false],"portraits":["https:\/\/www.chess.lumn.eu\/wordpress\/wp-content\/uploads\/2018\/01\/DSC00669-copy.jpg",1920,745,false],"thumbnail":["https:\/\/www.chess.lumn.eu\/wordpress\/wp-content\/uploads\/2018\/01\/DSC00669-copy-150x150.jpg",150,150,true],"medium":["https:\/\/www.chess.lumn.eu\/wordpress\/wp-content\/uploads\/2018\/01\/DSC00669-copy-300x116.jpg",300,116,true],"large":["https:\/\/www.chess.lumn.eu\/wordpress\/wp-content\/uploads\/2018\/01\/DSC00669-copy-1024x397.jpg",1024,397,true],"1536x1536":["https:\/\/www.chess.lumn.eu\/wordpress\/wp-content\/uploads\/2018\/01\/DSC00669-copy.jpg",1536,596,false],"2048x2048":["https:\/\/www.chess.lumn.eu\/wordpress\/wp-content\/uploads\/2018\/01\/DSC00669-copy.jpg",1920,745,false],"neve-blog":["https:\/\/www.chess.lumn.eu\/wordpress\/wp-content\/uploads\/2018\/01\/DSC00669-copy.jpg",930,361,false]},"rttpg_author":{"display_name":"valterd","author_link":"https:\/\/www.chess.lumn.eu\/wordpress\/author\/valterd\/"},"rttpg_comment":0,"rttpg_category":false,"rttpg_excerpt":"J&#8217;ai \u00e9t\u00e9 introduit aux \u00e9checs par mon p\u00e8re \u00e0 l&#8217;\u00e2ge de 11 ans. Nous sommes n\u00e9s en ex-Yougoslavie qui a \u00e9t\u00e9 le second pays au monde avec le plus de joueurs titr\u00e9s apr\u00e8s l&#8217;URSS. Donc beaucoup de personnes jouaient aux \u00e9checs et en jouaient tr\u00e8s bien. Je me souviens que adolescent, j&#8217;ai \u00e9t\u00e9 une fois&hellip;&nbsp;Read&hellip;","_links":{"self":[{"href":"https:\/\/www.chess.lumn.eu\/wordpress\/wp-json\/wp\/v2\/pages\/8"}],"collection":[{"href":"https:\/\/www.chess.lumn.eu\/wordpress\/wp-json\/wp\/v2\/pages"}],"about":[{"href":"https:\/\/www.chess.lumn.eu\/wordpress\/wp-json\/wp\/v2\/types\/page"}],"author":[{"embeddable":true,"href":"https:\/\/www.chess.lumn.eu\/wordpress\/wp-json\/wp\/v2\/users\/1"}],"replies":[{"embeddable":true,"href":"https:\/\/www.chess.lumn.eu\/wordpress\/wp-json\/wp\/v2\/comments?post=8"}],"version-history":[{"count":13,"href":"https:\/\/www.chess.lumn.eu\/wordpress\/wp-json\/wp\/v2\/pages\/8\/revisions"}],"predecessor-version":[{"id":1733,"href":"https:\/\/www.chess.lumn.eu\/wordpress\/wp-json\/wp\/v2\/pages\/8\/revisions\/1733"}],"wp:featuredmedia":[{"embeddable":true,"href":"https:\/\/www.chess.lumn.eu\/wordpress\/wp-json\/wp\/v2\/media\/13"}],"wp:attachment":[{"href":"https:\/\/www.chess.lumn.eu\/wordpress\/wp-json\/wp\/v2\/media?parent=8"}],"wp:term":[{"taxonomy":"category","embeddable":true,"href":"https:\/\/www.chess.lumn.eu\/wordpress\/wp-json\/wp\/v2\/categories?post=8"},{"taxonomy":"post_tag","embeddable":true,"href":"https:\/\/www.chess.lumn.eu\/wordpress\/wp-json\/wp\/v2\/tags?post=8"}],"curies":[{"name":"wp","href":"https:\/\/api.w.org\/{rel}","templated":true}]}}