{"id":88,"date":"2018-01-25T20:23:56","date_gmt":"2018-01-25T20:23:56","guid":{"rendered":"http:\/\/www.chess.lumn.eu\/wordpress\/?page_id=88"},"modified":"2021-03-10T18:03:19","modified_gmt":"2021-03-10T18:03:19","slug":"tournament-5-2018","status":"publish","type":"page","link":"https:\/\/www.chess.lumn.eu\/wordpress\/tournament-5-2018\/","title":{"rendered":"Tournoi de classement blitz 2018"},"content":{"rendered":"<div id=\"flags\" class=\"size24\"><ul id=\"sortable\" class=\"ui-sortable\" style=\"float:left\"><li id='Arabic'><a href='#' title='Arabic' class='nturl notranslate ar flag Arabic'><\/a><\/li><li id='Bengali'><a href='#' title='Bengali' class='nturl notranslate bn flag Bengali'><\/a><\/li><li id='Chinese (Traditional)'><a href='#' title='Chinese (Traditional)' class='nturl notranslate zh-TW flag Chinese (Traditional)'><\/a><\/li><li id='English'><a href='#' title='English' class='nturl notranslate en flag English'><\/a><\/li><li id='French'><a href='#' title='French' class='nturl notranslate fr flag French'><\/a><\/li><li id='German'><a href='#' title='German' class='nturl notranslate de flag German'><\/a><\/li><li id='Hindi'><a href='#' title='Hindi' class='nturl notranslate hi flag Hindi'><\/a><\/li><li id='Italian'><a href='#' title='Italian' class='nturl notranslate it flag Italian'><\/a><\/li><li id='Portuguese'><a href='#' title='Portuguese' class='nturl notranslate pt flag Portuguese'><\/a><\/li><li id='Russian'><a href='#' title='Russian' class='nturl notranslate ru flag Russian'><\/a><\/li><li id='Spanish'><a href='#' title='Spanish' class='nturl notranslate es flag Spanish'><\/a><\/li><li id='Turkish'><a href='#' title='Turkish' class='nturl notranslate tr flag Turkish'><\/a><\/li><li id='Vietnamese'><a href='#' title='Vietnamese' class='nturl notranslate vi flag Vietnamese'><\/a><\/li><\/ul><\/div><div id=\"google_language_translator\" class=\"default-language-fr\"><\/div>\n\n\n<p>Un tournoi s&#8217;est termin\u00e9 avec toutes mes machines, tournoi auquel j&#8217;ai particip\u00e9 aussi afin d&#8217;\u00e9valuer mon niveau. La cadence \u00e9tait de 5 secondes par coup en moyenne, avec reflexion sur le temps adverse et biblioth\u00e8ques de base. Durant ce tournoi:<\/p>\n<ul>\n<li style=\"list-style-type: none;\">\n<ul>\n<li>Le Saitek Pr\u00e4sident a remplac\u00e9 le Saitek Centurion (m\u00eame programme et fr\u00e9quence d&#8217;horloge).<\/li>\n<li>Le Go Chess Challenger 2150L remplace le Saitek Prisma qui bugue trop avec sa surface sensitive. La machine de remplacement a une fr\u00e9quence d&#8217;horloge un peu plus lente, le programme est cadenc\u00e9 \u00e0 8 au lieu de 10 Mhz, avec un impact marginal sur la force de jeu.<\/li>\n<\/ul>\n<\/li>\n<\/ul>\n<iframe frameborder=\"0\" src=\"https:\/\/docs.google.com\/spreadsheets\/d\/1dTb27KWV3NkXaglEmIvCLs-eiBhGWSbUdCeMkmdU9js\/preview?usp=drivesdk\" width=\"100%\" height=\"650\" style=\"border:0;max-width:100%\" scrolling=\"yes\"><\/iframe>\n<p>Je suis content de ma performance dans ce tournoi. Il y a quelques machines que j&#8217;ai trouv\u00e9es tr\u00e8s d\u00e9sagr\u00e9ables \u00e0 jouer, ayant des difficult\u00e9s avec leur style. En particulier les Mephisto MMIV,&nbsp; Saitek Prisma et son jumeau&nbsp; Go Chess Challenger, ainsi que le Designer Master. Ils me poussent dans des positions ouvertes tr\u00e8s compliqu\u00e9es, tactiques, avec plein de pi\u00e8ges et produisent un jeu que la d\u00e9funte revue allemande&nbsp; Computer Schach und Spiele (CSS) qualifia de &#8220;jungle chess&#8221;.<\/p>\n<p>Mention sp\u00e9ciale au large vainqueur, le Fidelity Master 2325, pour ses parties tr\u00e8s spectaculaires se terminant en g\u00e9n\u00e9ral assez vite par des mats en nombreux coups. La machine sait mobiliser ses pi\u00e8ces sur une grand nombre de coups avant de fondre sur sa proie comme un rapace. Impressionnant. Elle r\u00e9alise un score tr\u00e8s au-dessus de son classement officiel. D&#8217;autres grandes surprises sont \u00e0 noter. Le Turbo King m&#8217;a beaucoup d\u00e9\u00e7u avec un classement de 150 points elo en dessous de son classement officiel. Le Mephisto Chess Challenger \u00e0 40Mhz est un clone du Saitek Pr\u00e4sident tournant 4 fous plus vite. Il devrait valoir 2180 points elo, mais dans mon tournoi, il n&#8217;est que marginalement meilleur que ce dernier. Une surprise positive vient du couple Saitek Prisma\/Go Chess Challenger, qui r\u00e9alise une belle performance, je pense que ces machines sont largement sous-\u00e9valu\u00e9es par les rares sites qui les classent. Sinon, les autres performances sont conformes aux attentes.<\/p>\n<hr>\n<p>Deux nouvelles machines ont \u00e9t\u00e9 introduites dans l&#8217;\u00e9valuation, le Novag Star Diamond et le Fidelity Designer Display 2100. Le Novag, je l&#8217;ai achet\u00e9 sur le bon coin pour 180 euros ce qui est une tr\u00e8s bonne affaire sachant qu&#8217;il se vend \u00e0 400 euros environ sur ebay. Son jeu est redoutable, il est monstrueux tactiquement et atomise tous ses adversaires, pour r\u00e9aliser une performance de 91% de points possibles. Le seul qui lui colle une d\u00e9faite est le Mephisto Chess Challenger 40 Mhz. J&#8217;ai r\u00e9ussi \u00e0 obtenir une partie nulle. Le Turbo 16K est ramplac\u00e9 par le Leonardo, magnifique \u00e9chiquier en bois auto-r\u00e9pondeur. C&#8217;est mon plus grand \u00e9chiquier, et j&#8217;avoue que je le trouve aussi tr\u00e8s beau.<\/p>\n<p>Je r\u00e9alise une belle 8i\u00e8me place avec une performance de 1975 elo, soit un point de moins que le MMIV! Je n&#8217;\u00e9tais pas loin donc de me classer 7i\u00e8me.<\/p>\n<iframe frameborder=\"0\" src=\"https:\/\/docs.google.com\/spreadsheets\/d\/1Qdoh7247qyexLlzcnBuUahy7IzhhLVoeV_g1sZxOPpg\/preview?usp=drivesdk\" width=\"110%\" height=\"850\" style=\"border:0;max-width:100%\" scrolling=\"yes\"><\/iframe>\n<p>Pour voir le classement, il faut cliquer sur l&#8217;onglet &#8220;Ranking&#8221;.<\/p>\n<p>A partir de ce point l\u00e0, je vais voir quelles machines je vais vendre et quelles garder ou mettre \u00e0 jour\/remplacer.<\/p>\n<p>Mis-\u00e0-jour: j&#8217;ai d\u00e9cid\u00e9 de ventre le Saitek Centurion, mais l&#8217;afficheur ayant des soucis et n&#8217;ayant pas toutes les pi\u00e8ces, j&#8217;essaye d&#8217;y ajouter le Lexibook Chessman Pro qui lui a toutes ses pi\u00e8ces. J&#8217;ai vendu le Fidelity Designer 2000 Display et je vais probablement vendre son grand fr\u00e8re le 2100, mais avant cela, il va y avoir un invit\u00e9 myst\u00e8re au tournoi contre lequel je veux le faire jouer. Le Mephisto Chess Challenger 40Mhz est en vente sur ebay, j&#8217;ai fini par craquer devant le fun-level bug. En effet, lors de ses derni\u00e8res parties, m\u00eame apr\u00e8s r\u00e9initialisation &#8216;ACL&#8217; et \u00e9tant dans un mode tournoi normal, le programme sacrifiait syst\u00e9matiquement sa reine. C&#8217;est dommage, la machine est en tr\u00e8s bel \u00e9tat, mais ceci dit l&#8217;overclocking n&#8217;a pas tenu ses promesses non plus puisque l&#8217;appareil atteint p\u00e9niblement un 2066 elo, soit 117 points sous son classement dans d&#8217;autres listes. Ceci dit, c&#8217;\u00e9tait quand m\u00eame ma machine class\u00e9e 4i\u00e8me sur 15.<\/p>\n<p>Mais la grande nouveaut\u00e9 est l&#8217;entr\u00e9e en lice du Saitek Corona! Un troisi\u00e8me tableau va appara\u00eetre en dessous sous peu.<\/p>","protected":false},"excerpt":{"rendered":"<p>Un tournoi s&#8217;est termin\u00e9 avec toutes mes machines, tournoi auquel j&#8217;ai particip\u00e9 aussi afin d&#8217;\u00e9valuer mon niveau. La cadence \u00e9tait de 5 secondes par coup en moyenne, avec reflexion sur le temps adverse et biblioth\u00e8ques de base. Durant ce tournoi: Le Saitek Pr\u00e4sident a remplac\u00e9 le Saitek Centurion (m\u00eame programme et fr\u00e9quence d&#8217;horloge). Le Go&hellip;&nbsp;<a href=\"https:\/\/www.chess.lumn.eu\/wordpress\/tournament-5-2018\/\" class=\"\" rel=\"bookmark\">Read More &raquo;<span class=\"screen-reader-text\">Tournoi de classement blitz 2018<\/span><\/a><\/p>\n","protected":false},"author":1,"featured_media":404,"parent":0,"menu_order":0,"comment_status":"closed","ping_status":"closed","template":"","meta":{"neve_meta_sidebar":"","neve_meta_container":"","neve_meta_enable_content_width":"","neve_meta_content_width":0,"neve_meta_title_alignment":"","neve_meta_author_avatar":"","neve_post_elements_order":"","neve_meta_disable_header":"","neve_meta_disable_footer":"","neve_meta_disable_title":""},"categories":[5],"tags":[],"rttpg_featured_image_url":{"full":["https:\/\/www.chess.lumn.eu\/wordpress\/wp-content\/uploads\/2018\/07\/KasparovTurboKing_13-e1583413632641.jpg",1920,1281,false],"landscape":["https:\/\/www.chess.lumn.eu\/wordpress\/wp-content\/uploads\/2018\/07\/KasparovTurboKing_13-e1583413632641.jpg",1920,1281,false],"portraits":["https:\/\/www.chess.lumn.eu\/wordpress\/wp-content\/uploads\/2018\/07\/KasparovTurboKing_13-e1583413632641.jpg",1920,1281,false],"thumbnail":["https:\/\/www.chess.lumn.eu\/wordpress\/wp-content\/uploads\/2018\/07\/KasparovTurboKing_13-150x150.jpg",150,150,true],"medium":["https:\/\/www.chess.lumn.eu\/wordpress\/wp-content\/uploads\/2018\/07\/KasparovTurboKing_13-300x200.jpg",300,200,true],"large":["https:\/\/www.chess.lumn.eu\/wordpress\/wp-content\/uploads\/2018\/07\/KasparovTurboKing_13-1024x683.jpg",1024,683,true],"1536x1536":["https:\/\/www.chess.lumn.eu\/wordpress\/wp-content\/uploads\/2018\/07\/KasparovTurboKing_13-e1583413632641.jpg",1536,1025,false],"2048x2048":["https:\/\/www.chess.lumn.eu\/wordpress\/wp-content\/uploads\/2018\/07\/KasparovTurboKing_13-e1583413632641.jpg",1920,1281,false],"neve-blog":["https:\/\/www.chess.lumn.eu\/wordpress\/wp-content\/uploads\/2018\/07\/KasparovTurboKing_13-e1583413632641.jpg",930,620,false]},"rttpg_author":{"display_name":"valterd","author_link":"https:\/\/www.chess.lumn.eu\/wordpress\/author\/valterd\/"},"rttpg_comment":0,"rttpg_category":" <a href=\"https:\/\/www.chess.lumn.eu\/wordpress\/category\/tournaments\/\" rel=\"tag\">Tournaments<\/a>","rttpg_excerpt":"Un tournoi s&#8217;est termin\u00e9 avec toutes mes machines, tournoi auquel j&#8217;ai particip\u00e9 aussi afin d&#8217;\u00e9valuer mon niveau. La cadence \u00e9tait de 5 secondes par coup en moyenne, avec reflexion sur le temps adverse et biblioth\u00e8ques de base. Durant ce tournoi: Le Saitek Pr\u00e4sident a remplac\u00e9 le Saitek Centurion (m\u00eame programme et fr\u00e9quence d&#8217;horloge). Le Go&hellip;&nbsp;Read&hellip;","_links":{"self":[{"href":"https:\/\/www.chess.lumn.eu\/wordpress\/wp-json\/wp\/v2\/pages\/88"}],"collection":[{"href":"https:\/\/www.chess.lumn.eu\/wordpress\/wp-json\/wp\/v2\/pages"}],"about":[{"href":"https:\/\/www.chess.lumn.eu\/wordpress\/wp-json\/wp\/v2\/types\/page"}],"author":[{"embeddable":true,"href":"https:\/\/www.chess.lumn.eu\/wordpress\/wp-json\/wp\/v2\/users\/1"}],"replies":[{"embeddable":true,"href":"https:\/\/www.chess.lumn.eu\/wordpress\/wp-json\/wp\/v2\/comments?post=88"}],"version-history":[{"count":23,"href":"https:\/\/www.chess.lumn.eu\/wordpress\/wp-json\/wp\/v2\/pages\/88\/revisions"}],"predecessor-version":[{"id":1476,"href":"https:\/\/www.chess.lumn.eu\/wordpress\/wp-json\/wp\/v2\/pages\/88\/revisions\/1476"}],"wp:featuredmedia":[{"embeddable":true,"href":"https:\/\/www.chess.lumn.eu\/wordpress\/wp-json\/wp\/v2\/media\/404"}],"wp:attachment":[{"href":"https:\/\/www.chess.lumn.eu\/wordpress\/wp-json\/wp\/v2\/media?parent=88"}],"wp:term":[{"taxonomy":"category","embeddable":true,"href":"https:\/\/www.chess.lumn.eu\/wordpress\/wp-json\/wp\/v2\/categories?post=88"},{"taxonomy":"post_tag","embeddable":true,"href":"https:\/\/www.chess.lumn.eu\/wordpress\/wp-json\/wp\/v2\/tags?post=88"}],"curies":[{"name":"wp","href":"https:\/\/api.w.org\/{rel}","templated":true}]}}